{"id":719,"date":"2025-09-23T23:09:02","date_gmt":"2025-09-24T02:09:02","guid":{"rendered":"https:\/\/cefd.eco\/center-for-energy-finance-and-development\/"},"modified":"2026-02-11T20:06:33","modified_gmt":"2026-02-11T23:06:33","slug":"center-for-energy-finance-and-development","status":"publish","type":"page","link":"https:\/\/cefd.eco\/en\/","title":{"rendered":"Center for Energy, Finance and Development"},"content":{"rendered":"\t\t<div data-elementor-type=\"wp-post\" data-elementor-id=\"719\" class=\"elementor elementor-719 elementor-6\" data-elementor-post-type=\"page\">\n\t\t\t\t<div class=\"elementor-element elementor-element-cab77ba e-flex e-con-boxed e-con e-parent\" data-id=\"cab77ba\" data-element_type=\"container\" data-e-type=\"container\" data-settings=\"{&quot;background_background&quot;:&quot;classic&quot;,&quot;background_motion_fx_motion_fx_scrolling&quot;:&quot;yes&quot;,&quot;background_motion_fx_translateY_effect&quot;:&quot;yes&quot;,&quot;shape_divider_bottom&quot;:&quot;mountains&quot;,&quot;background_motion_fx_translateY_speed&quot;:{&quot;unit&quot;:&quot;px&quot;,&quot;size&quot;:4,&quot;sizes&quot;:[]},&quot;background_motion_fx_translateY_affectedRange&quot;:{&quot;unit&quot;:&quot;%&quot;,&quot;size&quot;:&quot;&quot;,&quot;sizes&quot;:{&quot;start&quot;:0,&quot;end&quot;:100}},&quot;background_motion_fx_devices&quot;:[&quot;desktop&quot;,&quot;tablet&quot;,&quot;mobile&quot;]}\">\n\t\t\t\t\t<div class=\"e-con-inner\">\n\t\t\t\t<div class=\"elementor-shape elementor-shape-bottom\" aria-hidden=\"true\" data-negative=\"false\">\n\t\t\t<svg xmlns=\"http:\/\/www.w3.org\/2000\/svg\" viewBox=\"0 0 1000 100\" preserveAspectRatio=\"none\">\n\t<path class=\"elementor-shape-fill\" opacity=\"0.33\" d=\"M473,67.3c-203.9,88.3-263.1-34-320.3,0C66,119.1,0,59.7,0,59.7V0h1000v59.7 c0,0-62.1,26.1-94.9,29.3c-32.8,3.3-62.8-12.3-75.8-22.1C806,49.6,745.3,8.7,694.9,4.7S492.4,59,473,67.3z\"\/>\n\t<path class=\"elementor-shape-fill\" opacity=\"0.66\" d=\"M734,67.3c-45.5,0-77.2-23.2-129.1-39.1c-28.6-8.7-150.3-10.1-254,39.1 s-91.7-34.4-149.2,0C115.7,118.3,0,39.8,0,39.8V0h1000v36.5c0,0-28.2-18.5-92.1-18.5C810.2,18.1,775.7,67.3,734,67.3z\"\/>\n\t<path class=\"elementor-shape-fill\" d=\"M766.1,28.9c-200-57.5-266,65.5-395.1,19.5C242,1.8,242,5.4,184.8,20.6C128,35.8,132.3,44.9,89.9,52.5C28.6,63.7,0,0,0,0 h1000c0,0-9.9,40.9-83.6,48.1S829.6,47,766.1,28.9z\"\/>\n<\/svg>\t\t<\/div>\n\t\t<div class=\"elementor-element elementor-element-91d4524 e-con-full e-flex e-con e-child\" data-id=\"91d4524\" data-element_type=\"container\" data-e-type=\"container\">\n\t\t<div class=\"elementor-element elementor-element-502a755 e-con-full e-flex e-con e-child\" data-id=\"502a755\" data-element_type=\"container\" data-e-type=\"container\">\n\t\t\t\t<div class=\"elementor-element elementor-element-140c1ae elementor-widget elementor-widget-heading\" data-id=\"140c1ae\" data-element_type=\"widget\" data-e-type=\"widget\" data-widget_type=\"heading.default\">\n\t\t\t\t\t<h1 class=\"elementor-heading-title elementor-size-default\">Centre for<br>Energy, Finance<br>and Development<\/h1>\t\t\t\t<\/div>\n\t\t\t\t<\/div>\n\t\t<div class=\"elementor-element elementor-element-b03a6d0 e-con-full e-flex e-con e-child\" data-id=\"b03a6d0\" data-element_type=\"container\" data-e-type=\"container\">\n\t\t\t\t<div class=\"elementor-element elementor-element-161618a elementor-widget elementor-widget-text-editor\" data-id=\"161618a\" data-element_type=\"widget\" data-e-type=\"widget\" data-widget_type=\"text-editor.default\">\n\t\t\t\t\t\t\t\t\t<p>The Centre for Energy, Finance and Development (CEFD) is a think tank dedicated to promoting the energy transition as a driver of sustainable development in the Global South.<\/p><p>Our work focuses on the intersection of energy policy, industrial strategy, and finance, exploring innovative pathways to mobilize capital, strengthen institutions, and design public policies that align climate action with economic diversification.<\/p><p>Our mission is to ensure that the energy transition fosters climate justice and shared prosperity.<\/p>\t\t\t\t\t\t\t\t<\/div>\n\t\t\t\t<\/div>\n\t\t\t\t<\/div>\n\t\t\t\t\t<\/div>\n\t\t\t\t<\/div>\n\t\t<div class=\"elementor-element elementor-element-c5664ca e-flex e-con-boxed e-con e-parent\" data-id=\"c5664ca\" data-element_type=\"container\" data-e-type=\"container\" id=\"abordagem\" data-settings=\"{&quot;background_background&quot;:&quot;classic&quot;,&quot;background_motion_fx_motion_fx_scrolling&quot;:&quot;yes&quot;,&quot;background_motion_fx_translateY_effect&quot;:&quot;yes&quot;,&quot;background_motion_fx_translateY_speed&quot;:{&quot;unit&quot;:&quot;px&quot;,&quot;size&quot;:4,&quot;sizes&quot;:[]},&quot;background_motion_fx_translateY_affectedRange&quot;:{&quot;unit&quot;:&quot;%&quot;,&quot;size&quot;:&quot;&quot;,&quot;sizes&quot;:{&quot;start&quot;:0,&quot;end&quot;:100}},&quot;background_motion_fx_devices&quot;:[&quot;desktop&quot;,&quot;tablet&quot;,&quot;mobile&quot;]}\">\n\t\t\t\t\t<div class=\"e-con-inner\">\n\t\t\t\t<div class=\"elementor-element elementor-element-a4952a8 elementor-widget__width-initial elementor-widget elementor-widget-heading\" data-id=\"a4952a8\" data-element_type=\"widget\" data-e-type=\"widget\" data-widget_type=\"heading.default\">\n\t\t\t\t\t<h3 class=\"elementor-heading-title elementor-size-default\">Our Approach<\/h3>\t\t\t\t<\/div>\n\t\t<div class=\"elementor-element elementor-element-77cb06a e-con-full e-flex e-con e-child\" data-id=\"77cb06a\" data-element_type=\"container\" data-e-type=\"container\">\n\t\t\t\t<div class=\"elementor-element elementor-element-05c9989 elementor-widget__width-initial elementor-widget elementor-widget-heading\" data-id=\"05c9989\" data-element_type=\"widget\" data-e-type=\"widget\" data-widget_type=\"heading.default\">\n\t\t\t\t\t<h3 class=\"elementor-heading-title elementor-size-default\">Research<\/h3>\t\t\t\t<\/div>\n\t\t\t\t<div class=\"elementor-element elementor-element-9c93778 elementor-widget__width-initial elementor-widget elementor-widget-text-editor\" data-id=\"9c93778\" data-element_type=\"widget\" data-e-type=\"widget\" data-widget_type=\"text-editor.default\">\n\t\t\t\t\t\t\t\t\t<p>We research the intersection of the energy transition, climate finance, and industrial policy to understand the political and economic challenges of building low-carbon economies. Our studies offer critical analyses that support the formulation of public policies, civil society strategies, and responsible private sector practices.<\/p>\t\t\t\t\t\t\t\t<\/div>\n\t\t\t\t<div class=\"elementor-element elementor-element-6bea006 elementor-widget__width-initial elementor-widget elementor-widget-heading\" data-id=\"6bea006\" data-element_type=\"widget\" data-e-type=\"widget\" data-widget_type=\"heading.default\">\n\t\t\t\t\t<h3 class=\"elementor-heading-title elementor-size-default\">Strategic Convening<\/h3>\t\t\t\t<\/div>\n\t\t\t\t<div class=\"elementor-element elementor-element-31515b1 elementor-widget__width-initial elementor-widget elementor-widget-text-editor\" data-id=\"31515b1\" data-element_type=\"widget\" data-e-type=\"widget\" data-widget_type=\"text-editor.default\">\n\t\t\t\t\t\t\t\t\t<p>Drawing on the ideas developed in our research activities, we establish strategic partnerships with governments and civil society organizations to organize events and support agendas that promote concrete solutions for a just energy transition.<\/p>\t\t\t\t\t\t\t\t<\/div>\n\t\t\t\t<div class=\"elementor-element elementor-element-9f8b688 elementor-widget__width-initial elementor-widget elementor-widget-heading\" data-id=\"9f8b688\" data-element_type=\"widget\" data-e-type=\"widget\" data-widget_type=\"heading.default\">\n\t\t\t\t\t<h3 class=\"elementor-heading-title elementor-size-default\">Communication<\/h3>\t\t\t\t<\/div>\n\t\t\t\t<div class=\"elementor-element elementor-element-49591e4 elementor-widget__width-initial elementor-widget elementor-widget-text-editor\" data-id=\"49591e4\" data-element_type=\"widget\" data-e-type=\"widget\" data-widget_type=\"text-editor.default\">\n\t\t\t\t\t\t\t\t\t<p>We make expert debates more accessible to the general public and contribute to disseminating key themes of the energy transition. Our communication strategy complements and amplifies the impact of research and advocacy activities.<\/p>\t\t\t\t\t\t\t\t<\/div>\n\t\t\t\t<\/div>\n\t\t\t\t\t<\/div>\n\t\t\t\t<\/div>\n\t\t\t\t<\/div>\n\t\t","protected":false},"excerpt":{"rendered":"<p>Centre forEnergy, Financeand Development The Centre for Energy, Finance and Development (CEFD) is a think tank dedicated to promoting the energy transition as a driver of sustainable development in the Global South. Our work focuses on the intersection of energy policy, industrial strategy, and finance, exploring innovative pathways to mobilize capital, strengthen institutions, and design [&hellip;]<\/p>\n","protected":false},"author":1,"featured_media":0,"parent":0,"menu_order":0,"comment_status":"closed","ping_status":"closed","template":"elementor_header_footer","meta":{"footnotes":""},"class_list":["post-719","page","type-page","status-publish","hentry"],"yoast_head":"<!-- This site is optimized with the Yoast SEO plugin v27.1.1 - https:\/\/yoast.com\/product\/yoast-seo-wordpress\/ -->\n<title>Center for Energy, Finance and Development<\/title>\n<meta name=\"description\" content=\"The Center for Energy, Finance and Development (CEFD) is a think tank dedicated to promoting the energy transition.\" \/>\n<meta name=\"robots\" content=\"index, follow, max-snippet:-1, max-image-preview:large, max-video-preview:-1\" \/>\n<link rel=\"canonical\" href=\"https:\/\/cefd.eco\/en\/\" \/>\n<meta property=\"og:locale\" content=\"en_US\" \/>\n<meta property=\"og:type\" content=\"article\" \/>\n<meta property=\"og:title\" content=\"Center for Energy, Finance and Development\" \/>\n<meta property=\"og:description\" content=\"The Center for Energy, Finance and Development (CEFD) is a think tank dedicated to promoting the energy transition.\" \/>\n<meta property=\"og:url\" content=\"https:\/\/cefd.eco\/en\/\" \/>\n<meta property=\"og:site_name\" content=\"Centro de Energia, Finan\u00e7as e Desenvolvimento\" \/>\n<meta property=\"article:modified_time\" content=\"2026-02-11T23:06:33+00:00\" \/>\n<meta name=\"twitter:card\" content=\"summary_large_image\" \/>\n<meta name=\"twitter:label1\" content=\"Est. reading time\" \/>\n\t<meta name=\"twitter:data1\" content=\"1 minute\" \/>\n<script type=\"application\/ld+json\" class=\"yoast-schema-graph\">{\"@context\":\"https:\/\/schema.org\",\"@graph\":[{\"@type\":\"WebPage\",\"@id\":\"https:\/\/cefd.eco\/en\/\",\"url\":\"https:\/\/cefd.eco\/en\/\",\"name\":\"Center for Energy, Finance and Development\",\"isPartOf\":{\"@id\":\"https:\/\/cefd.eco\/en\/#website\"},\"datePublished\":\"2025-09-24T02:09:02+00:00\",\"dateModified\":\"2026-02-11T23:06:33+00:00\",\"description\":\"The Center for Energy, Finance and Development (CEFD) is a think tank dedicated to promoting the energy transition.\",\"breadcrumb\":{\"@id\":\"https:\/\/cefd.eco\/en\/#breadcrumb\"},\"inLanguage\":\"en-US\",\"potentialAction\":[{\"@type\":\"ReadAction\",\"target\":[\"https:\/\/cefd.eco\/en\/\"]}]},{\"@type\":\"BreadcrumbList\",\"@id\":\"https:\/\/cefd.eco\/en\/#breadcrumb\",\"itemListElement\":[{\"@type\":\"ListItem\",\"position\":1,\"name\":\"In\u00edcio\",\"item\":\"https:\/\/cefd.eco\/en\/\"},{\"@type\":\"ListItem\",\"position\":2,\"name\":\"Center for Energy, Finance and Development\"}]},{\"@type\":\"WebSite\",\"@id\":\"https:\/\/cefd.eco\/en\/#website\",\"url\":\"https:\/\/cefd.eco\/en\/\",\"name\":\"Centro de Energia, Finan\u00e7as e Desenvolvimento\",\"description\":\"O Centro de Energia, Finan\u00e7as e Desenvolvimento (CEFD) \u00e9 um think tank dedicado a promover o desenvolvimento sustent\u00e1vel no Sul Global por meio da transi\u00e7\u00e3o energ\u00e9tica.\",\"publisher\":{\"@id\":\"https:\/\/cefd.eco\/en\/#organization\"},\"potentialAction\":[{\"@type\":\"SearchAction\",\"target\":{\"@type\":\"EntryPoint\",\"urlTemplate\":\"https:\/\/cefd.eco\/en\/?s={search_term_string}\"},\"query-input\":{\"@type\":\"PropertyValueSpecification\",\"valueRequired\":true,\"valueName\":\"search_term_string\"}}],\"inLanguage\":\"en-US\"},{\"@type\":\"Organization\",\"@id\":\"https:\/\/cefd.eco\/en\/#organization\",\"name\":\"Centro de Energia, Finan\u00e7as e Desenvolvimento\",\"url\":\"https:\/\/cefd.eco\/en\/\",\"logo\":{\"@type\":\"ImageObject\",\"inLanguage\":\"en-US\",\"@id\":\"https:\/\/cefd.eco\/en\/#\/schema\/logo\/image\/\",\"url\":\"https:\/\/cefd.eco\/wp-content\/uploads\/2025\/09\/Logo-CEFD.svg\",\"contentUrl\":\"https:\/\/cefd.eco\/wp-content\/uploads\/2025\/09\/Logo-CEFD.svg\",\"width\":1,\"height\":1,\"caption\":\"Centro de Energia, Finan\u00e7as e Desenvolvimento\"},\"image\":{\"@id\":\"https:\/\/cefd.eco\/en\/#\/schema\/logo\/image\/\"}}]}<\/script>\n<!-- \/ Yoast SEO plugin. -->","yoast_head_json":{"title":"Center for Energy, Finance and Development","description":"The Center for Energy, Finance and Development (CEFD) is a think tank dedicated to promoting the energy transition.","robots":{"index":"index","follow":"follow","max-snippet":"max-snippet:-1","max-image-preview":"max-image-preview:large","max-video-preview":"max-video-preview:-1"},"canonical":"https:\/\/cefd.eco\/en\/","og_locale":"en_US","og_type":"article","og_title":"Center for Energy, Finance and Development","og_description":"The Center for Energy, Finance and Development (CEFD) is a think tank dedicated to promoting the energy transition.","og_url":"https:\/\/cefd.eco\/en\/","og_site_name":"Centro de Energia, Finan\u00e7as e Desenvolvimento","article_modified_time":"2026-02-11T23:06:33+00:00","twitter_card":"summary_large_image","twitter_misc":{"Est. reading time":"1 minute"},"schema":{"@context":"https:\/\/schema.org","@graph":[{"@type":"WebPage","@id":"https:\/\/cefd.eco\/en\/","url":"https:\/\/cefd.eco\/en\/","name":"Center for Energy, Finance and Development","isPartOf":{"@id":"https:\/\/cefd.eco\/en\/#website"},"datePublished":"2025-09-24T02:09:02+00:00","dateModified":"2026-02-11T23:06:33+00:00","description":"The Center for Energy, Finance and Development (CEFD) is a think tank dedicated to promoting the energy transition.","breadcrumb":{"@id":"https:\/\/cefd.eco\/en\/#breadcrumb"},"inLanguage":"en-US","potentialAction":[{"@type":"ReadAction","target":["https:\/\/cefd.eco\/en\/"]}]},{"@type":"BreadcrumbList","@id":"https:\/\/cefd.eco\/en\/#breadcrumb","itemListElement":[{"@type":"ListItem","position":1,"name":"In\u00edcio","item":"https:\/\/cefd.eco\/en\/"},{"@type":"ListItem","position":2,"name":"Center for Energy, Finance and Development"}]},{"@type":"WebSite","@id":"https:\/\/cefd.eco\/en\/#website","url":"https:\/\/cefd.eco\/en\/","name":"Centro de Energia, Finan\u00e7as e Desenvolvimento","description":"O Centro de Energia, Finan\u00e7as e Desenvolvimento (CEFD) \u00e9 um think tank dedicado a promover o desenvolvimento sustent\u00e1vel no Sul Global por meio da transi\u00e7\u00e3o energ\u00e9tica.","publisher":{"@id":"https:\/\/cefd.eco\/en\/#organization"},"potentialAction":[{"@type":"SearchAction","target":{"@type":"EntryPoint","urlTemplate":"https:\/\/cefd.eco\/en\/?s={search_term_string}"},"query-input":{"@type":"PropertyValueSpecification","valueRequired":true,"valueName":"search_term_string"}}],"inLanguage":"en-US"},{"@type":"Organization","@id":"https:\/\/cefd.eco\/en\/#organization","name":"Centro de Energia, Finan\u00e7as e Desenvolvimento","url":"https:\/\/cefd.eco\/en\/","logo":{"@type":"ImageObject","inLanguage":"en-US","@id":"https:\/\/cefd.eco\/en\/#\/schema\/logo\/image\/","url":"https:\/\/cefd.eco\/wp-content\/uploads\/2025\/09\/Logo-CEFD.svg","contentUrl":"https:\/\/cefd.eco\/wp-content\/uploads\/2025\/09\/Logo-CEFD.svg","width":1,"height":1,"caption":"Centro de Energia, Finan\u00e7as e Desenvolvimento"},"image":{"@id":"https:\/\/cefd.eco\/en\/#\/schema\/logo\/image\/"}}]}},"_links":{"self":[{"href":"https:\/\/cefd.eco\/en\/wp-json\/wp\/v2\/pages\/719","targetHints":{"allow":["GET"]}}],"collection":[{"href":"https:\/\/cefd.eco\/en\/wp-json\/wp\/v2\/pages"}],"about":[{"href":"https:\/\/cefd.eco\/en\/wp-json\/wp\/v2\/types\/page"}],"author":[{"embeddable":true,"href":"https:\/\/cefd.eco\/en\/wp-json\/wp\/v2\/users\/1"}],"replies":[{"embeddable":true,"href":"https:\/\/cefd.eco\/en\/wp-json\/wp\/v2\/comments?post=719"}],"version-history":[{"count":22,"href":"https:\/\/cefd.eco\/en\/wp-json\/wp\/v2\/pages\/719\/revisions"}],"predecessor-version":[{"id":1618,"href":"https:\/\/cefd.eco\/en\/wp-json\/wp\/v2\/pages\/719\/revisions\/1618"}],"wp:attachment":[{"href":"https:\/\/cefd.eco\/en\/wp-json\/wp\/v2\/media?parent=719"}],"curies":[{"name":"wp","href":"https:\/\/api.w.org\/{rel}","templated":true}]}}