{"id":1362,"date":"2025-12-04T16:12:05","date_gmt":"2025-12-04T19:12:05","guid":{"rendered":"https:\/\/cefd.eco\/press\/"},"modified":"2026-02-20T17:04:18","modified_gmt":"2026-02-20T20:04:18","slug":"press","status":"publish","type":"page","link":"https:\/\/cefd.eco\/en\/press\/","title":{"rendered":"Press"},"content":{"rendered":"\t\t<div data-elementor-type=\"wp-page\" data-elementor-id=\"1362\" class=\"elementor elementor-1362 elementor-991\" data-elementor-post-type=\"page\">\n\t\t\t\t<div class=\"elementor-element elementor-element-330488d e-flex e-con-boxed e-con e-parent\" data-id=\"330488d\" data-element_type=\"container\" data-e-type=\"container\" data-settings=\"{&quot;background_background&quot;:&quot;classic&quot;}\">\n\t\t\t\t\t<div class=\"e-con-inner\">\n\t\t\t\t\t<\/div>\n\t\t\t\t<\/div>\n\t\t<div class=\"elementor-element elementor-element-81d4968 e-flex e-con-boxed e-con e-parent\" data-id=\"81d4968\" data-element_type=\"container\" data-e-type=\"container\">\n\t\t\t\t\t<div class=\"e-con-inner\">\n\t\t\t\t<div class=\"elementor-element elementor-element-8f242d7 elementor-widget elementor-widget-heading\" data-id=\"8f242d7\" data-element_type=\"widget\" data-e-type=\"widget\" data-widget_type=\"heading.default\">\n\t\t\t\t\t<h1 class=\"elementor-heading-title elementor-size-default\">Press<\/h1>\t\t\t\t<\/div>\n\t\t\t\t\t<\/div>\n\t\t\t\t<\/div>\n\t\t<div class=\"elementor-element elementor-element-0352f2e e-flex e-con-boxed e-con e-parent\" data-id=\"0352f2e\" data-element_type=\"container\" data-e-type=\"container\">\n\t\t\t\t\t<div class=\"e-con-inner\">\n\t\t\t\t\t<\/div>\n\t\t\t\t<\/div>\n\t\t<div class=\"elementor-element elementor-element-1c5bec4 e-flex e-con-boxed e-con e-parent\" data-id=\"1c5bec4\" data-element_type=\"container\" data-e-type=\"container\">\n\t\t\t\t\t<div class=\"e-con-inner\">\n\t\t\t\t\t<\/div>\n\t\t\t\t<\/div>\n\t\t<div class=\"elementor-element elementor-element-ea5dbae e-flex e-con-boxed e-con e-parent\" data-id=\"ea5dbae\" data-element_type=\"container\" data-e-type=\"container\">\n\t\t\t\t\t<div class=\"e-con-inner\">\n\t\t<div class=\"elementor-element elementor-element-e3492ec e-con-full e-flex e-con e-child\" data-id=\"e3492ec\" data-element_type=\"container\" data-e-type=\"container\">\n\t\t\t\t<div class=\"elementor-element elementor-element-7a1c0a4 elementor-widget elementor-widget-elementskit-blog-posts\" data-id=\"7a1c0a4\" data-element_type=\"widget\" data-e-type=\"widget\" data-widget_type=\"elementskit-blog-posts.default\">\n\t\t\t\t\t<div class=\"ekit-wid-con\" >        <div id=\"post-items--7a1c0a4\" class=\"row post-items\">\n                    <div class=\"col-md-12\">\n\n                                    <div class=\"elementskit-blog-block-post\">\n                        <div class=\"row no-gutters\">\n                                                            <div class=\"col-md-6 order-1\">\n                                    <a href=\"https:\/\/cefd.eco\/en\/eixos\/\" class=\"elementskit-entry-thumb\">\n                                        <img decoding=\"async\" src=\"https:\/\/cefd.eco\/wp-content\/uploads\/2025\/12\/test-01.jpeg\" alt=\"Eixos\">\n                                    <\/a><!-- .elementskit-entry-thumb END -->\n                                <\/div>\n                            \n                            <div class=\"col-md-6 order-2\">\n                                <div class=\"elementskit-post-body \">\n                                    <div class=\"elementskit-entry-header\">\n                                        \t\t\t\t\t\t\t\t\t\t\t\t\t\t\t<h2 class=\"entry-title\">\n\t\t\t\t\t<a href=\"https:\/\/cefd.eco\/en\/eixos\/\">\n\t\t\t\t\t\tEixos\t\t\t\t\t<\/a>\n\t\t\t\t<\/h2>\n\t\t\t                                        \n                                                                                            \t\t\t\t\t\t\t\t\t\t\t<div class=\"post-meta-list\">\n\t\t\t\t\t\t\t\t\t\t\t\t\t\t\t\t\t\t\t\t\t\t\t\t\t\t\t\t\t\t\t\t<span class=\"meta-date\">\n\t\t\t\t\t\t\t\t\t\t<i aria-hidden=\"true\" class=\"icon icon-calendar3\"><\/i>\t\t\t\t\t\t\t\t\t\t<span class=\"meta-date-text\">\n\t\t\t\t\t\t\t\t\t\t\t10\/11\/2025\t\t\t\t\t\t\t\t\t\t<\/span>\n\t\t\t\t\t\t\t\t\t<\/span>\n\t\t\t\t\t\t\t\t\t\t\t\t\t\t\t\t\t\t\t\t\t\t\t\t\t\t\t\t\t\t\t\t\t\t\t\t\t<\/div>\n\t\t\t\t\t                                            \n                                            \n                                                                                <\/div><!-- .elementskit-entry-header END -->\n\n                                                                            <div class=\"elementskit-post-footer\">\n                                                                                            <p>OPINI\u00c3O: O dilema do petr\u00f3leo: por que o Brasil precisa canalizar sua riequeza f\u00f3ssil para a transforma\u00e7\u00e3o verde Apesar da resili\u00eancia do pr\u00e9-sal, o pa\u00eds corre o risco de perder&hellip;<\/p>\n                                                                                                                                <\/div><!-- .elementskit-post-footer END -->\n                                                                    <\/div><!-- .elementskit-post-body END -->\n                            <\/div>\n                        <\/div>\n                    <\/div><!-- .elementskit-blog-block-post .radius .gradient-bg END -->\n                \n            <\/div>\n                <\/div>\n       <\/div>\t\t\t\t<\/div>\n\t\t\t\t<\/div>\n\t\t\t\t\t<\/div>\n\t\t\t\t<\/div>\n\t\t\t\t<\/div>\n\t\t","protected":false},"excerpt":{"rendered":"<p>Eixos 18\/02\/2026 OPINI\u00c3O: Eletromobilidade entre China e Brasil: perspectivas de coopera\u00e7\u00e3o e desafios para a transi\u00e7\u00e3o energ\u00e9tica Apesar da coopera\u00e7\u00e3o com a China trazer inova\u00e7\u00f5es, desafios econ\u00f4micos e diferen\u00e7as nas estruturas de&hellip; Folha Ilustr\u00edssima 10\/12\/2025 OPINI\u00c3O: Diminuir oferta de petr\u00f3leo \u00e9 fundamental em mapa do caminho Substituir combust\u00edveis f\u00f3sseis por renov\u00e1veis \u00e9 o meio mais [&hellip;]<\/p>\n","protected":false},"author":1,"featured_media":0,"parent":0,"menu_order":0,"comment_status":"closed","ping_status":"closed","template":"","meta":{"footnotes":""},"class_list":["post-1362","page","type-page","status-publish","hentry"],"yoast_head":"<!-- This site is optimized with the Yoast SEO plugin v27.1.1 - https:\/\/yoast.com\/product\/yoast-seo-wordpress\/ -->\n<title>Press - Centro de Energia, Finan\u00e7as e Desenvolvimento<\/title>\n<meta name=\"description\" content=\"Check out the main events organized by the Center for Energy, Finance and Development, an institution focused on energy transition\" \/>\n<meta name=\"robots\" content=\"index, follow, max-snippet:-1, max-image-preview:large, max-video-preview:-1\" \/>\n<link rel=\"canonical\" href=\"https:\/\/cefd.eco\/en\/press\/\" \/>\n<meta property=\"og:locale\" content=\"en_US\" \/>\n<meta property=\"og:type\" content=\"article\" \/>\n<meta property=\"og:title\" content=\"Press - Centro de Energia, Finan\u00e7as e Desenvolvimento\" \/>\n<meta property=\"og:description\" content=\"Check out the main events organized by the Center for Energy, Finance and Development, an institution focused on energy transition\" \/>\n<meta property=\"og:url\" content=\"https:\/\/cefd.eco\/en\/press\/\" \/>\n<meta property=\"og:site_name\" content=\"Centro de Energia, Finan\u00e7as e Desenvolvimento\" \/>\n<meta property=\"article:modified_time\" content=\"2026-02-20T20:04:18+00:00\" \/>\n<meta property=\"og:image\" content=\"https:\/\/cefd.eco\/wp-content\/uploads\/2026\/02\/Screenshot-2026-02-20-at-13.14.50-scaled.png\" \/>\n<meta name=\"twitter:card\" content=\"summary_large_image\" \/>\n<meta name=\"twitter:label1\" content=\"Est. reading time\" \/>\n\t<meta name=\"twitter:data1\" content=\"1 minute\" \/>\n<script type=\"application\/ld+json\" class=\"yoast-schema-graph\">{\"@context\":\"https:\/\/schema.org\",\"@graph\":[{\"@type\":\"WebPage\",\"@id\":\"https:\/\/cefd.eco\/en\/press\/\",\"url\":\"https:\/\/cefd.eco\/en\/press\/\",\"name\":\"Press - Centro de Energia, Finan\u00e7as e Desenvolvimento\",\"isPartOf\":{\"@id\":\"https:\/\/cefd.eco\/en\/#website\"},\"primaryImageOfPage\":{\"@id\":\"https:\/\/cefd.eco\/en\/press\/#primaryimage\"},\"image\":{\"@id\":\"https:\/\/cefd.eco\/en\/press\/#primaryimage\"},\"thumbnailUrl\":\"https:\/\/cefd.eco\/wp-content\/uploads\/2026\/02\/Screenshot-2026-02-20-at-13.14.50-scaled.png\",\"datePublished\":\"2025-12-04T19:12:05+00:00\",\"dateModified\":\"2026-02-20T20:04:18+00:00\",\"description\":\"Check out the main events organized by the Center for Energy, Finance and Development, an institution focused on energy transition\",\"breadcrumb\":{\"@id\":\"https:\/\/cefd.eco\/en\/press\/#breadcrumb\"},\"inLanguage\":\"en-US\",\"potentialAction\":[{\"@type\":\"ReadAction\",\"target\":[\"https:\/\/cefd.eco\/en\/press\/\"]}]},{\"@type\":\"ImageObject\",\"inLanguage\":\"en-US\",\"@id\":\"https:\/\/cefd.eco\/en\/press\/#primaryimage\",\"url\":\"https:\/\/cefd.eco\/wp-content\/uploads\/2026\/02\/Screenshot-2026-02-20-at-13.14.50-scaled.png\",\"contentUrl\":\"https:\/\/cefd.eco\/wp-content\/uploads\/2026\/02\/Screenshot-2026-02-20-at-13.14.50-scaled.png\"},{\"@type\":\"BreadcrumbList\",\"@id\":\"https:\/\/cefd.eco\/en\/press\/#breadcrumb\",\"itemListElement\":[{\"@type\":\"ListItem\",\"position\":1,\"name\":\"In\u00edcio\",\"item\":\"https:\/\/cefd.eco\/en\/\"},{\"@type\":\"ListItem\",\"position\":2,\"name\":\"Press\"}]},{\"@type\":\"WebSite\",\"@id\":\"https:\/\/cefd.eco\/en\/#website\",\"url\":\"https:\/\/cefd.eco\/en\/\",\"name\":\"Centro de Energia, Finan\u00e7as e Desenvolvimento\",\"description\":\"O Centro de Energia, Finan\u00e7as e Desenvolvimento (CEFD) \u00e9 um think tank dedicado a promover o desenvolvimento sustent\u00e1vel no Sul Global por meio da transi\u00e7\u00e3o energ\u00e9tica.\",\"publisher\":{\"@id\":\"https:\/\/cefd.eco\/en\/#organization\"},\"potentialAction\":[{\"@type\":\"SearchAction\",\"target\":{\"@type\":\"EntryPoint\",\"urlTemplate\":\"https:\/\/cefd.eco\/en\/?s={search_term_string}\"},\"query-input\":{\"@type\":\"PropertyValueSpecification\",\"valueRequired\":true,\"valueName\":\"search_term_string\"}}],\"inLanguage\":\"en-US\"},{\"@type\":\"Organization\",\"@id\":\"https:\/\/cefd.eco\/en\/#organization\",\"name\":\"Centro de Energia, Finan\u00e7as e Desenvolvimento\",\"url\":\"https:\/\/cefd.eco\/en\/\",\"logo\":{\"@type\":\"ImageObject\",\"inLanguage\":\"en-US\",\"@id\":\"https:\/\/cefd.eco\/en\/#\/schema\/logo\/image\/\",\"url\":\"https:\/\/cefd.eco\/wp-content\/uploads\/2025\/09\/Logo-CEFD.svg\",\"contentUrl\":\"https:\/\/cefd.eco\/wp-content\/uploads\/2025\/09\/Logo-CEFD.svg\",\"width\":1,\"height\":1,\"caption\":\"Centro de Energia, Finan\u00e7as e Desenvolvimento\"},\"image\":{\"@id\":\"https:\/\/cefd.eco\/en\/#\/schema\/logo\/image\/\"}}]}<\/script>\n<!-- \/ Yoast SEO plugin. -->","yoast_head_json":{"title":"Press - Centro de Energia, Finan\u00e7as e Desenvolvimento","description":"Check out the main events organized by the Center for Energy, Finance and Development, an institution focused on energy transition","robots":{"index":"index","follow":"follow","max-snippet":"max-snippet:-1","max-image-preview":"max-image-preview:large","max-video-preview":"max-video-preview:-1"},"canonical":"https:\/\/cefd.eco\/en\/press\/","og_locale":"en_US","og_type":"article","og_title":"Press - Centro de Energia, Finan\u00e7as e Desenvolvimento","og_description":"Check out the main events organized by the Center for Energy, Finance and Development, an institution focused on energy transition","og_url":"https:\/\/cefd.eco\/en\/press\/","og_site_name":"Centro de Energia, Finan\u00e7as e Desenvolvimento","article_modified_time":"2026-02-20T20:04:18+00:00","og_image":[{"url":"https:\/\/cefd.eco\/wp-content\/uploads\/2026\/02\/Screenshot-2026-02-20-at-13.14.50-scaled.png","type":"","width":"","height":""}],"twitter_card":"summary_large_image","twitter_misc":{"Est. reading time":"1 minute"},"schema":{"@context":"https:\/\/schema.org","@graph":[{"@type":"WebPage","@id":"https:\/\/cefd.eco\/en\/press\/","url":"https:\/\/cefd.eco\/en\/press\/","name":"Press - Centro de Energia, Finan\u00e7as e Desenvolvimento","isPartOf":{"@id":"https:\/\/cefd.eco\/en\/#website"},"primaryImageOfPage":{"@id":"https:\/\/cefd.eco\/en\/press\/#primaryimage"},"image":{"@id":"https:\/\/cefd.eco\/en\/press\/#primaryimage"},"thumbnailUrl":"https:\/\/cefd.eco\/wp-content\/uploads\/2026\/02\/Screenshot-2026-02-20-at-13.14.50-scaled.png","datePublished":"2025-12-04T19:12:05+00:00","dateModified":"2026-02-20T20:04:18+00:00","description":"Check out the main events organized by the Center for Energy, Finance and Development, an institution focused on energy transition","breadcrumb":{"@id":"https:\/\/cefd.eco\/en\/press\/#breadcrumb"},"inLanguage":"en-US","potentialAction":[{"@type":"ReadAction","target":["https:\/\/cefd.eco\/en\/press\/"]}]},{"@type":"ImageObject","inLanguage":"en-US","@id":"https:\/\/cefd.eco\/en\/press\/#primaryimage","url":"https:\/\/cefd.eco\/wp-content\/uploads\/2026\/02\/Screenshot-2026-02-20-at-13.14.50-scaled.png","contentUrl":"https:\/\/cefd.eco\/wp-content\/uploads\/2026\/02\/Screenshot-2026-02-20-at-13.14.50-scaled.png"},{"@type":"BreadcrumbList","@id":"https:\/\/cefd.eco\/en\/press\/#breadcrumb","itemListElement":[{"@type":"ListItem","position":1,"name":"In\u00edcio","item":"https:\/\/cefd.eco\/en\/"},{"@type":"ListItem","position":2,"name":"Press"}]},{"@type":"WebSite","@id":"https:\/\/cefd.eco\/en\/#website","url":"https:\/\/cefd.eco\/en\/","name":"Centro de Energia, Finan\u00e7as e Desenvolvimento","description":"O Centro de Energia, Finan\u00e7as e Desenvolvimento (CEFD) \u00e9 um think tank dedicado a promover o desenvolvimento sustent\u00e1vel no Sul Global por meio da transi\u00e7\u00e3o energ\u00e9tica.","publisher":{"@id":"https:\/\/cefd.eco\/en\/#organization"},"potentialAction":[{"@type":"SearchAction","target":{"@type":"EntryPoint","urlTemplate":"https:\/\/cefd.eco\/en\/?s={search_term_string}"},"query-input":{"@type":"PropertyValueSpecification","valueRequired":true,"valueName":"search_term_string"}}],"inLanguage":"en-US"},{"@type":"Organization","@id":"https:\/\/cefd.eco\/en\/#organization","name":"Centro de Energia, Finan\u00e7as e Desenvolvimento","url":"https:\/\/cefd.eco\/en\/","logo":{"@type":"ImageObject","inLanguage":"en-US","@id":"https:\/\/cefd.eco\/en\/#\/schema\/logo\/image\/","url":"https:\/\/cefd.eco\/wp-content\/uploads\/2025\/09\/Logo-CEFD.svg","contentUrl":"https:\/\/cefd.eco\/wp-content\/uploads\/2025\/09\/Logo-CEFD.svg","width":1,"height":1,"caption":"Centro de Energia, Finan\u00e7as e Desenvolvimento"},"image":{"@id":"https:\/\/cefd.eco\/en\/#\/schema\/logo\/image\/"}}]}},"_links":{"self":[{"href":"https:\/\/cefd.eco\/en\/wp-json\/wp\/v2\/pages\/1362","targetHints":{"allow":["GET"]}}],"collection":[{"href":"https:\/\/cefd.eco\/en\/wp-json\/wp\/v2\/pages"}],"about":[{"href":"https:\/\/cefd.eco\/en\/wp-json\/wp\/v2\/types\/page"}],"author":[{"embeddable":true,"href":"https:\/\/cefd.eco\/en\/wp-json\/wp\/v2\/users\/1"}],"replies":[{"embeddable":true,"href":"https:\/\/cefd.eco\/en\/wp-json\/wp\/v2\/comments?post=1362"}],"version-history":[{"count":6,"href":"https:\/\/cefd.eco\/en\/wp-json\/wp\/v2\/pages\/1362\/revisions"}],"predecessor-version":[{"id":1691,"href":"https:\/\/cefd.eco\/en\/wp-json\/wp\/v2\/pages\/1362\/revisions\/1691"}],"wp:attachment":[{"href":"https:\/\/cefd.eco\/en\/wp-json\/wp\/v2\/media?parent=1362"}],"curies":[{"name":"wp","href":"https:\/\/api.w.org\/{rel}","templated":true}]}}