{"id":1324,"date":"2026-01-07T10:17:05","date_gmt":"2026-01-07T13:17:05","guid":{"rendered":"https:\/\/cefd.eco\/partnerships\/"},"modified":"2026-02-03T20:18:38","modified_gmt":"2026-02-03T23:18:38","slug":"partnerships","status":"publish","type":"page","link":"https:\/\/cefd.eco\/en\/partnerships\/","title":{"rendered":"Partnerships"},"content":{"rendered":"\t\t<div data-elementor-type=\"wp-page\" data-elementor-id=\"1324\" class=\"elementor elementor-1324 elementor-1234\" data-elementor-post-type=\"page\">\n\t\t\t\t<div class=\"elementor-element elementor-element-9baeaa3 e-flex e-con-boxed e-con e-parent\" data-id=\"9baeaa3\" data-element_type=\"container\" data-e-type=\"container\" data-settings=\"{&quot;background_background&quot;:&quot;classic&quot;}\">\n\t\t\t\t\t<div class=\"e-con-inner\">\n\t\t\t\t\t<\/div>\n\t\t\t\t<\/div>\n\t\t<div class=\"elementor-element elementor-element-c53a254 e-flex e-con-boxed e-con e-parent\" data-id=\"c53a254\" data-element_type=\"container\" data-e-type=\"container\">\n\t\t\t\t\t<div class=\"e-con-inner\">\n\t\t\t\t<div class=\"elementor-element elementor-element-8f6ad6a elementor-widget elementor-widget-heading\" data-id=\"8f6ad6a\" data-element_type=\"widget\" data-e-type=\"widget\" data-widget_type=\"heading.default\">\n\t\t\t\t\t<h1 class=\"elementor-heading-title elementor-size-default\">Partnerships<\/h1>\t\t\t\t<\/div>\n\t\t\t\t\t<\/div>\n\t\t\t\t<\/div>\n\t\t<div class=\"elementor-element elementor-element-e79aff9 e-flex e-con-boxed e-con e-parent\" data-id=\"e79aff9\" data-element_type=\"container\" data-e-type=\"container\">\n\t\t\t\t\t<div class=\"e-con-inner\">\n\t\t\t\t\t<\/div>\n\t\t\t\t<\/div>\n\t\t<div class=\"elementor-element elementor-element-3ce54c6 e-con-full e-flex e-con e-parent\" data-id=\"3ce54c6\" data-element_type=\"container\" data-e-type=\"container\">\n\t\t<div class=\"elementor-element elementor-element-9e87154 e-con-full e-flex e-con e-child\" data-id=\"9e87154\" data-element_type=\"container\" data-e-type=\"container\">\n\t\t\t\t<div class=\"elementor-element elementor-element-65d7a38 elementor-widget elementor-widget-image\" data-id=\"65d7a38\" data-element_type=\"widget\" data-e-type=\"widget\" data-widget_type=\"image.default\">\n\t\t\t\t\t\t\t\t\t\t\t\t\t\t\t<img fetchpriority=\"high\" decoding=\"async\" width=\"1862\" height=\"438\" src=\"https:\/\/cefd.eco\/wp-content\/uploads\/2026\/01\/2035_Logo_black.png\" class=\"attachment-full size-full wp-image-1320\" alt=\"\" srcset=\"https:\/\/cefd.eco\/wp-content\/uploads\/2026\/01\/2035_Logo_black.png 1862w, https:\/\/cefd.eco\/wp-content\/uploads\/2026\/01\/2035_Logo_black-300x71.png 300w, https:\/\/cefd.eco\/wp-content\/uploads\/2026\/01\/2035_Logo_black-1024x241.png 1024w, https:\/\/cefd.eco\/wp-content\/uploads\/2026\/01\/2035_Logo_black-768x181.png 768w, https:\/\/cefd.eco\/wp-content\/uploads\/2026\/01\/2035_Logo_black-1536x361.png 1536w\" sizes=\"(max-width: 1862px) 100vw, 1862px\" \/>\t\t\t\t\t\t\t\t\t\t\t\t\t\t\t<\/div>\n\t\t\t\t<\/div>\n\t\t<div class=\"elementor-element elementor-element-dd25264 e-con-full e-flex e-con e-child\" data-id=\"dd25264\" data-element_type=\"container\" data-e-type=\"container\" data-settings=\"{&quot;background_background&quot;:&quot;classic&quot;,&quot;background_motion_fx_motion_fx_scrolling&quot;:&quot;yes&quot;,&quot;background_motion_fx_translateX_effect&quot;:&quot;yes&quot;,&quot;background_motion_fx_translateX_speed&quot;:{&quot;unit&quot;:&quot;px&quot;,&quot;size&quot;:4,&quot;sizes&quot;:[]},&quot;background_motion_fx_translateX_affectedRange&quot;:{&quot;unit&quot;:&quot;%&quot;,&quot;size&quot;:&quot;&quot;,&quot;sizes&quot;:{&quot;start&quot;:0,&quot;end&quot;:100}},&quot;background_motion_fx_devices&quot;:[&quot;desktop&quot;,&quot;tablet&quot;,&quot;mobile&quot;]}\">\n\t\t\t\t<div class=\"elementor-element elementor-element-efc498a elementor-widget elementor-widget-image\" data-id=\"efc498a\" data-element_type=\"widget\" data-e-type=\"widget\" data-widget_type=\"image.default\">\n\t\t\t\t\t\t\t\t\t\t\t\t\t\t\t<img decoding=\"async\" width=\"490\" height=\"99\" src=\"https:\/\/cefd.eco\/wp-content\/uploads\/2026\/01\/E-logo-2025.svg\" class=\"attachment-full size-full wp-image-1321\" alt=\"\" \/>\t\t\t\t\t\t\t\t\t\t\t\t\t\t\t<\/div>\n\t\t\t\t<\/div>\n\t\t<div class=\"elementor-element elementor-element-562f32c e-con-full e-flex e-con e-child\" data-id=\"562f32c\" data-element_type=\"container\" data-e-type=\"container\">\n\t\t\t\t<div class=\"elementor-element elementor-element-076ee57 elementor-widget elementor-widget-image\" data-id=\"076ee57\" data-element_type=\"widget\" data-e-type=\"widget\" data-widget_type=\"image.default\">\n\t\t\t\t\t\t\t\t\t\t\t\t\t\t\t<img decoding=\"async\" width=\"1930\" height=\"686\" src=\"https:\/\/cefd.eco\/wp-content\/uploads\/2026\/01\/INEEP_Horizontal.png\" class=\"attachment-full size-full wp-image-1322\" alt=\"\" srcset=\"https:\/\/cefd.eco\/wp-content\/uploads\/2026\/01\/INEEP_Horizontal.png 1930w, https:\/\/cefd.eco\/wp-content\/uploads\/2026\/01\/INEEP_Horizontal-300x107.png 300w, https:\/\/cefd.eco\/wp-content\/uploads\/2026\/01\/INEEP_Horizontal-1024x364.png 1024w, https:\/\/cefd.eco\/wp-content\/uploads\/2026\/01\/INEEP_Horizontal-768x273.png 768w, https:\/\/cefd.eco\/wp-content\/uploads\/2026\/01\/INEEP_Horizontal-1536x546.png 1536w\" sizes=\"(max-width: 1930px) 100vw, 1930px\" \/>\t\t\t\t\t\t\t\t\t\t\t\t\t\t\t<\/div>\n\t\t\t\t<\/div>\n\t\t<div class=\"elementor-element elementor-element-7776e04 e-con-full e-flex e-con e-child\" data-id=\"7776e04\" data-element_type=\"container\" data-e-type=\"container\">\n\t\t\t\t<div class=\"elementor-element elementor-element-a1c065a elementor-widget elementor-widget-image\" data-id=\"a1c065a\" data-element_type=\"widget\" data-e-type=\"widget\" data-widget_type=\"image.default\">\n\t\t\t\t\t\t\t\t\t\t\t\t\t\t\t<img loading=\"lazy\" decoding=\"async\" width=\"602\" height=\"365\" src=\"https:\/\/cefd.eco\/wp-content\/uploads\/2026\/01\/logo_OECD_DEV_PT.jpg\" class=\"attachment-full size-full wp-image-1323\" alt=\"\" srcset=\"https:\/\/cefd.eco\/wp-content\/uploads\/2026\/01\/logo_OECD_DEV_PT.jpg 602w, https:\/\/cefd.eco\/wp-content\/uploads\/2026\/01\/logo_OECD_DEV_PT-300x182.jpg 300w\" sizes=\"(max-width: 602px) 100vw, 602px\" \/>\t\t\t\t\t\t\t\t\t\t\t\t\t\t\t<\/div>\n\t\t\t\t<\/div>\n\t\t\t\t<\/div>\n\t\t<div class=\"elementor-element elementor-element-7ef02cf e-grid e-con-full e-con e-parent\" data-id=\"7ef02cf\" data-element_type=\"container\" data-e-type=\"container\">\n\t\t\t\t<div class=\"elementor-element elementor-element-0626941 elementor-widget elementor-widget-image\" data-id=\"0626941\" data-element_type=\"widget\" data-e-type=\"widget\" data-widget_type=\"image.default\">\n\t\t\t\t\t\t\t\t\t\t\t\t\t\t\t<img loading=\"lazy\" decoding=\"async\" width=\"668\" height=\"440\" src=\"https:\/\/cefd.eco\/wp-content\/uploads\/2026\/02\/LOGO-Inesc-1.jpg\" class=\"attachment-large size-large wp-image-1605\" alt=\"\" srcset=\"https:\/\/cefd.eco\/wp-content\/uploads\/2026\/02\/LOGO-Inesc-1.jpg 668w, https:\/\/cefd.eco\/wp-content\/uploads\/2026\/02\/LOGO-Inesc-1-300x198.jpg 300w\" sizes=\"(max-width: 668px) 100vw, 668px\" \/>\t\t\t\t\t\t\t\t\t\t\t\t\t\t\t<\/div>\n\t\t\t\t<\/div>\n\t\t\t\t<\/div>\n\t\t","protected":false},"excerpt":{"rendered":"","protected":false},"author":1,"featured_media":0,"parent":0,"menu_order":0,"comment_status":"closed","ping_status":"closed","template":"","meta":{"footnotes":""},"class_list":["post-1324","page","type-page","status-publish","hentry"],"yoast_head":"<!-- This site is optimized with the Yoast SEO plugin v27.1.1 - https:\/\/yoast.com\/product\/yoast-seo-wordpress\/ -->\n<title>Partnerships - Centro de Energia, Finan\u00e7as e Desenvolvimento<\/title>\n<meta name=\"robots\" content=\"index, follow, max-snippet:-1, max-image-preview:large, max-video-preview:-1\" \/>\n<link rel=\"canonical\" href=\"https:\/\/cefd.eco\/en\/partnerships\/\" \/>\n<meta property=\"og:locale\" content=\"en_US\" \/>\n<meta property=\"og:type\" content=\"article\" \/>\n<meta property=\"og:title\" content=\"Partnerships - Centro de Energia, Finan\u00e7as e Desenvolvimento\" \/>\n<meta property=\"og:url\" content=\"https:\/\/cefd.eco\/en\/partnerships\/\" \/>\n<meta property=\"og:site_name\" content=\"Centro de Energia, Finan\u00e7as e Desenvolvimento\" \/>\n<meta property=\"article:modified_time\" content=\"2026-02-03T23:18:38+00:00\" \/>\n<meta property=\"og:image\" content=\"https:\/\/cefd.eco\/wp-content\/uploads\/2026\/01\/2035_Logo_black.png\" \/>\n\t<meta property=\"og:image:width\" content=\"1862\" \/>\n\t<meta property=\"og:image:height\" content=\"438\" \/>\n\t<meta property=\"og:image:type\" content=\"image\/png\" \/>\n<meta name=\"twitter:card\" content=\"summary_large_image\" \/>\n<script type=\"application\/ld+json\" class=\"yoast-schema-graph\">{\"@context\":\"https:\/\/schema.org\",\"@graph\":[{\"@type\":\"WebPage\",\"@id\":\"https:\/\/cefd.eco\/en\/partnerships\/\",\"url\":\"https:\/\/cefd.eco\/en\/partnerships\/\",\"name\":\"Partnerships - Centro de Energia, Finan\u00e7as e Desenvolvimento\",\"isPartOf\":{\"@id\":\"https:\/\/cefd.eco\/en\/#website\"},\"primaryImageOfPage\":{\"@id\":\"https:\/\/cefd.eco\/en\/partnerships\/#primaryimage\"},\"image\":{\"@id\":\"https:\/\/cefd.eco\/en\/partnerships\/#primaryimage\"},\"thumbnailUrl\":\"https:\/\/cefd.eco\/wp-content\/uploads\/2026\/01\/2035_Logo_black.png\",\"datePublished\":\"2026-01-07T13:17:05+00:00\",\"dateModified\":\"2026-02-03T23:18:38+00:00\",\"breadcrumb\":{\"@id\":\"https:\/\/cefd.eco\/en\/partnerships\/#breadcrumb\"},\"inLanguage\":\"en-US\",\"potentialAction\":[{\"@type\":\"ReadAction\",\"target\":[\"https:\/\/cefd.eco\/en\/partnerships\/\"]}]},{\"@type\":\"ImageObject\",\"inLanguage\":\"en-US\",\"@id\":\"https:\/\/cefd.eco\/en\/partnerships\/#primaryimage\",\"url\":\"https:\/\/cefd.eco\/wp-content\/uploads\/2026\/01\/2035_Logo_black.png\",\"contentUrl\":\"https:\/\/cefd.eco\/wp-content\/uploads\/2026\/01\/2035_Logo_black.png\"},{\"@type\":\"BreadcrumbList\",\"@id\":\"https:\/\/cefd.eco\/en\/partnerships\/#breadcrumb\",\"itemListElement\":[{\"@type\":\"ListItem\",\"position\":1,\"name\":\"In\u00edcio\",\"item\":\"https:\/\/cefd.eco\/en\/\"},{\"@type\":\"ListItem\",\"position\":2,\"name\":\"Partnerships\"}]},{\"@type\":\"WebSite\",\"@id\":\"https:\/\/cefd.eco\/en\/#website\",\"url\":\"https:\/\/cefd.eco\/en\/\",\"name\":\"Centro de Energia, Finan\u00e7as e Desenvolvimento\",\"description\":\"O Centro de Energia, Finan\u00e7as e Desenvolvimento (CEFD) \u00e9 um think tank dedicado a promover o desenvolvimento sustent\u00e1vel no Sul Global por meio da transi\u00e7\u00e3o energ\u00e9tica.\",\"publisher\":{\"@id\":\"https:\/\/cefd.eco\/en\/#organization\"},\"potentialAction\":[{\"@type\":\"SearchAction\",\"target\":{\"@type\":\"EntryPoint\",\"urlTemplate\":\"https:\/\/cefd.eco\/en\/?s={search_term_string}\"},\"query-input\":{\"@type\":\"PropertyValueSpecification\",\"valueRequired\":true,\"valueName\":\"search_term_string\"}}],\"inLanguage\":\"en-US\"},{\"@type\":\"Organization\",\"@id\":\"https:\/\/cefd.eco\/en\/#organization\",\"name\":\"Centro de Energia, Finan\u00e7as e Desenvolvimento\",\"url\":\"https:\/\/cefd.eco\/en\/\",\"logo\":{\"@type\":\"ImageObject\",\"inLanguage\":\"en-US\",\"@id\":\"https:\/\/cefd.eco\/en\/#\/schema\/logo\/image\/\",\"url\":\"https:\/\/cefd.eco\/wp-content\/uploads\/2025\/09\/Logo-CEFD.svg\",\"contentUrl\":\"https:\/\/cefd.eco\/wp-content\/uploads\/2025\/09\/Logo-CEFD.svg\",\"width\":1,\"height\":1,\"caption\":\"Centro de Energia, Finan\u00e7as e Desenvolvimento\"},\"image\":{\"@id\":\"https:\/\/cefd.eco\/en\/#\/schema\/logo\/image\/\"}}]}<\/script>\n<!-- \/ Yoast SEO plugin. -->","yoast_head_json":{"title":"Partnerships - Centro de Energia, Finan\u00e7as e Desenvolvimento","robots":{"index":"index","follow":"follow","max-snippet":"max-snippet:-1","max-image-preview":"max-image-preview:large","max-video-preview":"max-video-preview:-1"},"canonical":"https:\/\/cefd.eco\/en\/partnerships\/","og_locale":"en_US","og_type":"article","og_title":"Partnerships - Centro de Energia, Finan\u00e7as e Desenvolvimento","og_url":"https:\/\/cefd.eco\/en\/partnerships\/","og_site_name":"Centro de Energia, Finan\u00e7as e Desenvolvimento","article_modified_time":"2026-02-03T23:18:38+00:00","og_image":[{"width":1862,"height":438,"url":"https:\/\/cefd.eco\/wp-content\/uploads\/2026\/01\/2035_Logo_black.png","type":"image\/png"}],"twitter_card":"summary_large_image","schema":{"@context":"https:\/\/schema.org","@graph":[{"@type":"WebPage","@id":"https:\/\/cefd.eco\/en\/partnerships\/","url":"https:\/\/cefd.eco\/en\/partnerships\/","name":"Partnerships - Centro de Energia, Finan\u00e7as e Desenvolvimento","isPartOf":{"@id":"https:\/\/cefd.eco\/en\/#website"},"primaryImageOfPage":{"@id":"https:\/\/cefd.eco\/en\/partnerships\/#primaryimage"},"image":{"@id":"https:\/\/cefd.eco\/en\/partnerships\/#primaryimage"},"thumbnailUrl":"https:\/\/cefd.eco\/wp-content\/uploads\/2026\/01\/2035_Logo_black.png","datePublished":"2026-01-07T13:17:05+00:00","dateModified":"2026-02-03T23:18:38+00:00","breadcrumb":{"@id":"https:\/\/cefd.eco\/en\/partnerships\/#breadcrumb"},"inLanguage":"en-US","potentialAction":[{"@type":"ReadAction","target":["https:\/\/cefd.eco\/en\/partnerships\/"]}]},{"@type":"ImageObject","inLanguage":"en-US","@id":"https:\/\/cefd.eco\/en\/partnerships\/#primaryimage","url":"https:\/\/cefd.eco\/wp-content\/uploads\/2026\/01\/2035_Logo_black.png","contentUrl":"https:\/\/cefd.eco\/wp-content\/uploads\/2026\/01\/2035_Logo_black.png"},{"@type":"BreadcrumbList","@id":"https:\/\/cefd.eco\/en\/partnerships\/#breadcrumb","itemListElement":[{"@type":"ListItem","position":1,"name":"In\u00edcio","item":"https:\/\/cefd.eco\/en\/"},{"@type":"ListItem","position":2,"name":"Partnerships"}]},{"@type":"WebSite","@id":"https:\/\/cefd.eco\/en\/#website","url":"https:\/\/cefd.eco\/en\/","name":"Centro de Energia, Finan\u00e7as e Desenvolvimento","description":"O Centro de Energia, Finan\u00e7as e Desenvolvimento (CEFD) \u00e9 um think tank dedicado a promover o desenvolvimento sustent\u00e1vel no Sul Global por meio da transi\u00e7\u00e3o energ\u00e9tica.","publisher":{"@id":"https:\/\/cefd.eco\/en\/#organization"},"potentialAction":[{"@type":"SearchAction","target":{"@type":"EntryPoint","urlTemplate":"https:\/\/cefd.eco\/en\/?s={search_term_string}"},"query-input":{"@type":"PropertyValueSpecification","valueRequired":true,"valueName":"search_term_string"}}],"inLanguage":"en-US"},{"@type":"Organization","@id":"https:\/\/cefd.eco\/en\/#organization","name":"Centro de Energia, Finan\u00e7as e Desenvolvimento","url":"https:\/\/cefd.eco\/en\/","logo":{"@type":"ImageObject","inLanguage":"en-US","@id":"https:\/\/cefd.eco\/en\/#\/schema\/logo\/image\/","url":"https:\/\/cefd.eco\/wp-content\/uploads\/2025\/09\/Logo-CEFD.svg","contentUrl":"https:\/\/cefd.eco\/wp-content\/uploads\/2025\/09\/Logo-CEFD.svg","width":1,"height":1,"caption":"Centro de Energia, Finan\u00e7as e Desenvolvimento"},"image":{"@id":"https:\/\/cefd.eco\/en\/#\/schema\/logo\/image\/"}}]}},"_links":{"self":[{"href":"https:\/\/cefd.eco\/en\/wp-json\/wp\/v2\/pages\/1324","targetHints":{"allow":["GET"]}}],"collection":[{"href":"https:\/\/cefd.eco\/en\/wp-json\/wp\/v2\/pages"}],"about":[{"href":"https:\/\/cefd.eco\/en\/wp-json\/wp\/v2\/types\/page"}],"author":[{"embeddable":true,"href":"https:\/\/cefd.eco\/en\/wp-json\/wp\/v2\/users\/1"}],"replies":[{"embeddable":true,"href":"https:\/\/cefd.eco\/en\/wp-json\/wp\/v2\/comments?post=1324"}],"version-history":[{"count":4,"href":"https:\/\/cefd.eco\/en\/wp-json\/wp\/v2\/pages\/1324\/revisions"}],"predecessor-version":[{"id":1606,"href":"https:\/\/cefd.eco\/en\/wp-json\/wp\/v2\/pages\/1324\/revisions\/1606"}],"wp:attachment":[{"href":"https:\/\/cefd.eco\/en\/wp-json\/wp\/v2\/media?parent=1324"}],"curies":[{"name":"wp","href":"https:\/\/api.w.org\/{rel}","templated":true}]}}